{"id":34,"date":"2008-03-12T23:26:13","date_gmt":"2008-03-12T21:26:13","guid":{"rendered":"http:\/\/iknowyou.de\/tickets\/"},"modified":"2018-03-15T15:21:17","modified_gmt":"2018-03-15T14:21:17","slug":"sponsoren","status":"publish","type":"page","link":"https:\/\/archiv.jffh.de\/en\/sponsoren\/","title":{"rendered":"Partners"},"content":{"rendered":"<p>We would like to express our gratitude to our sponsors. There would be no festival at all without their help and support!<\/p>\n<p>If you&#8217;d like to support us, please <a title=\"Kontaktformular\" href=\"https:\/\/jffh.de\/en\/contact\/\">contact<\/a> us.<\/p>\n<table>\n<tbody>\n<tr>\n<td><a href=\"http:\/\/www.hamburg.de\/\"><img decoding=\"async\" src=\"https:\/\/jffh.de\/wp-content\/uploads\/sponsoren\/Partnerflaeche - Hamburg.png\" alt=\"Freie und Hansestadt Hamburg\" \/><\/a><\/td>\n<td><a href=\"http:\/\/www.dbschenker.de\/\"><img decoding=\"async\" src=\"https:\/\/jffh.de\/wp-content\/uploads\/sponsoren\/Partnerflaeche - DB Schenker.png\" alt=\"DB Schenker\" \/><\/a><\/td>\n<td><a href=\"http:\/\/www.jki.de\/\"><img decoding=\"async\" src=\"https:\/\/jffh.de\/wp-content\/uploads\/sponsoren\/Partnerflaeche - Japan Foundation.png\" alt=\"Japan Foundation\" \/><\/a><\/td>\n<\/tr>\n<tr>\n<td><a href=\"http:\/\/www.midori-impuls.com\/\"><img decoding=\"async\" src=\"https:\/\/jffh.de\/wp-content\/uploads\/sponsoren\/Partnerflaeche - Midori Impuls.png\" alt=\"Midori Impuls\" \/><\/a><\/td>\n<td><a href=\"https:\/\/de.yamaha.com\/de\/products\/musical_instruments\/pianos\/silent_piano\/\"><img decoding=\"async\" src=\"https:\/\/jffh.de\/wp-content\/uploads\/sponsoren\/Partnerflaeche - Yamaha Pianoworld.png\" alt=\"Yamaha Pianoworld\" \/><\/a><\/td>\n<td><a href=\"http:\/\/www.panasonic.com\/de\/\"><img decoding=\"async\" src=\"https:\/\/jffh.de\/wp-content\/uploads\/sponsoren\/Partnerflaeche - Panasonic Lumix G.png\" alt=\"Panasonic Lumix G\" \/><\/a><\/td>\n<\/tr>\n<tr>\n<td><a href=\"http:\/\/www.casio-europe.com\/de\/\"><img decoding=\"async\" src=\"https:\/\/jffh.de\/wp-content\/uploads\/sponsoren\/Partnerflaeche - Casio.png\" alt=\"Casio\" \/><\/a><\/td>\n<td><a href=\"http:\/\/www.toyota.de\/\"><img decoding=\"async\" src=\"https:\/\/jffh.de\/wp-content\/uploads\/sponsoren\/Partnerflaeche - Toyota.png\" alt=\"Toyota\" \/><\/a><\/td>\n<td><a href=\"http:\/\/www.djfe.de\"><img decoding=\"async\" src=\"https:\/\/jffh.de\/wp-content\/uploads\/sponsoren\/Partnerflaeche - DJFE.png\" alt=\"Deutsch-Japanisches Forum Elbe e. V.\" \/><\/a><\/td>\n<\/tr>\n<tr>\n<td><a href=\"http:\/\/www.hamburg.emb-japan.go.jp\"><img decoding=\"async\" src=\"https:\/\/jffh.de\/wp-content\/uploads\/sponsoren\/Partnerflaeche - Generalkonsulat.png\" alt=\"Japanisches Generalkonsulat Hamburg\" \/><\/a><\/td>\n<td><a href=\"http:\/\/www.enteractive.de\/\"><img decoding=\"async\" src=\"https:\/\/jffh.de\/wp-content\/uploads\/sponsoren\/Partnerflaeche - Enteractive.png\" alt=\"Enteractive\" \/><\/a><\/td>\n<td><a href=\"http:\/\/www.hamburg.de\/bkm\/\"><img decoding=\"async\" src=\"https:\/\/jffh.de\/wp-content\/uploads\/sponsoren\/Partnerflaeche - Hamburg - Behoerde fuer Kultur und Medien.png\" alt=\"Beh\u00f6rde f\u00fcr Kultur und Medien der Stadt Hamburg\" \/><\/a><\/td>\n<\/tr>\n<tr>\n<td><a href=\"http:\/\/www.deadline-magazin.de\/\"><img decoding=\"async\" src=\"https:\/\/jffh.de\/wp-content\/uploads\/sponsoren\/Partnerflaeche - deadline.png\" alt=\"deadline Filmmagazin\" \/><\/a><\/td>\n<td><a href=\"http:\/\/www.aikidokontor.de\/\"><img decoding=\"async\" src=\"https:\/\/jffh.de\/wp-content\/uploads\/sponsoren\/Partnerflaeche - AikidoKontor Hamburg.png\" alt=\"AikidoKontor Hamburg\" \/><\/a><\/td>\n<td><\/td>\n<\/tr>\n<\/tbody>\n<\/table>\n<hr \/>\n<h3>We would like to thank:<\/h3>\n<p>Sven Kn\u00fcppel, Eggers und Lenni (Gula Mons Filmsyndikat)<br \/>\nThorsten Peters (rapideyemovies)<br \/>\nDaniel Otto (KAZE)<br \/>\nRyo Yukizane (VAP Inc.)<br \/>\nRyohei Masuoka (GETA FILMS \/ Spirits Project Inc.)<br \/>\nKonomi Sasaki (CREi)<br \/>\nEmico Kawai, Mami Furukawa (Nikkatsu Corporation)<br \/>\nKinuko Grosse, Melanie Uhl (Toyota)<br \/>\nHarald Bierschenk, Wolfgang Hinz (MAD DIMENSION GmbH)<br \/>\nKiyomichi Funyu (Funyu Corporation)<br \/>\nToshinari Yonishi (YELLOW BRICK ROAD STUDIOS)<br \/>\nYuki Oguriyama (GAGA New Film)<br \/>\nShimizu Hideki (FW Corporation)<br \/>\nNaoyoshi Kawamatsu (Archeron Pictures Yoshihiro Nishimura)<br \/>\nJunichi Yamamoto<br \/>\nMakoto Shozu<br \/>\nTakayuki Hirano (Canter)<br \/>\nYann Moreau (Dice Entertainment)<br \/>\nAkiko Uchida (King Records)<br \/>\nKibe Kosuke (Star Board Co.Ltd., Omuro Ltd.)<br \/>\nTanaka Kiyotaka (Dawn)<br \/>\nTomoko Kage (Bitters End)<br \/>\nJun Higeno (Underdog Films)<br \/>\nEmi Haraguchi (TOHO Co., Ltd.)<br \/>\nAtsumi Shibata, Yoshimi Takahata (Hakuhodo DY music &amp; pictures Inc.)<br \/>\nMasato Tsujioka (Tsujioka Productions)<br \/>\nHiro Kunato, Miyuki Sato (Jimbocho Film Fest)<br \/>\nKeiko Funato (Alphaviolet)<br \/>\nYves Gilbert, Andreas Arnhold, Nina Scherfer, Daniel Wegner (Splendid Film)<br \/>\nHans D. Henseleit, Gregor Rok (Enteractive GmbH)<br \/>\nMichael Langbehn, Hanne Ekrutt (Panasonic)<br \/>\nOliver Georg, Jochen Oppermann (Midori Impuls)<br \/>\nBanmei Takahashi<br \/>\nBen von Cho (Big Panic Pty Ltd.)<br \/>\nTakatoshi Naoi, Akiyo Uratani (Spotted Production)<br \/>\nMarkus Ito (Green Kitchen Entertainment)<br \/>\nEiche Aso (Sapporo International Short Film Festival)<br \/>\nYasushi Miyamae (ColorBird Inc.)<br \/>\nToshiyuki Okazaki (MAD Video, Bloodworks)<br \/>\nOhashi Masahide<br \/>\nEmi Ueyama (ARTicle FILMS)<br \/>\nKazuyuki Kitaki (Magnetize Inc.)<br \/>\nNatsuko Tateishi (Toei Anime)<br \/>\nYoshimasa Jimbo<br \/>\nMidori Inoue (Iconique Pictures)<br \/>\nFumiko Nagata (Free Stone Productions)<br \/>\nMiki Zeze (Kadokawa Corporation)<br \/>\nKevin Williams (Lupercal Communication ltd)<br \/>\nRyohei Ueno (Ride Pictures)<br \/>\nJimbo Yoshimasa<br \/>\nKazuhito Asai<br \/>\nKiyo Joo (Gold View)<br \/>\nMatt Manjourides (Mega Films)<br \/>\nErik Komazaki (Sony Music Artists Inc)<br \/>\nKeisha Suenaga<br \/>\nHirobumi Watanabe<br \/>\nCaRTe bLaNChe<br \/>\nFranz Schulz, Saskia Dietzinger (Universum Anime)<br \/>\nAndreas Martin Peter (DEADLINE- Das Filmmagazin)<br \/>\nTh\u00e9o Severin<br \/>\nDr. Saki Sugihara and her Japanese studies course: Leonie Brand, Benedikt Brinkmann, Daria D\u00f6rksen, Tatjana Durov, Kar Maan Fong, Lennart Fuhse, Elias Kania, Kazumaru Kase, Erina Katakawa, Josepha Kie\u00dfling, Mutsumi Kobayashi, Nao Miura, Yuka Okagawa, Martina Sch\u00fcmann, Kouta Shirakami, Ami Someya, Diana Wittenberg, Kazuhiro Julian Yamaguchi, Risa Yoshizumi and Kathrin Zimon<\/p>\n<p>\u2026 and everyone else, who supported us this year and until now so ambitiously!<\/p>\n<p>Thank you very much, domo arigato gozaimasu!<br \/>\n\u3069\u3046\u3082\u3042\u308a\u304c\u3068\u3046\u3054\u3056\u3044\u307e\u3059\uff01<\/p>\n<div class=\"twoclick_social_bookmarks_post_34 social_share_privacy clearfix 1.6.4 locale-en_US sprite-de_DE\"><\/div><div class=\"twoclick-js\"><script type=\"text\/javascript\">\/* <![CDATA[ *\/\njQuery(document).ready(function($){if($('.twoclick_social_bookmarks_post_34')){$('.twoclick_social_bookmarks_post_34').socialSharePrivacy({\"services\":{\"facebook\":{\"status\":\"on\",\"txt_info\":\"2 Klicks f\\u00fcr mehr Datenschutz: Erst wenn Sie hier klicken, wird der Button aktiv und Sie k\\u00f6nnen Ihre Empfehlung an Facebook senden. Schon beim Aktivieren werden Daten an Dritte \\u00fcbertragen - siehe <em>i<\\\/em>.\",\"perma_option\":\"off\",\"action\":\"like\",\"language\":\"de_DE\"},\"twitter\":{\"reply_to\":\"\",\"tweet_text\":\"Partners%20%C2%BB%20%28Deutsch%29%20Japan-Filmfest%20Hamburg\",\"status\":\"on\",\"txt_info\":\"2 Klicks f\\u00fcr mehr Datenschutz: Erst wenn Sie hier klicken, wird der Button aktiv und Sie k\\u00f6nnen Ihre Empfehlung an Twitter senden. Schon beim Aktivieren werden Daten an Dritte \\u00fcbertragen - siehe <em>i<\\\/em>.\",\"perma_option\":\"off\",\"language\":\"de\",\"referrer_track\":\"\"}},\"txt_help\":\"Wenn Sie diese Felder durch einen Klick aktivieren, werden Informationen an Facebook, Twitter, Flattr, Xing, t3n, LinkedIn, Pinterest oder Google eventuell ins Ausland \\u00fcbertragen und unter Umst\\u00e4nden auch dort gespeichert. N\\u00e4heres erfahren Sie durch einen Klick auf das <em>i<\\\/em>.\",\"settings_perma\":\"Dauerhaft aktivieren und Daten\\u00fcber-tragung zustimmen:\",\"info_link\":\"http:\\\/\\\/www.heise.de\\\/ct\\\/artikel\\\/2-Klicks-fuer-mehr-Datenschutz-1333879.html\",\"uri\":\"https:\\\/\\\/archiv.jffh.de\\\/en\\\/sponsoren\\\/\",\"post_id\":34,\"post_title_referrer_track\":\"Partners\",\"display_infobox\":\"on\"});}});\n\/* ]]> *\/<\/script><\/div>","protected":false},"excerpt":{"rendered":"<p>We would like to express our gratitude to our sponsors. There would be no festival at all without their help and support! If you&#8217;d like to support us, please contact us. We would like to thank: Sven Kn\u00fcppel, Eggers und Lenni (Gula Mons Filmsyndikat) Thorsten Peters (rapideyemovies) Daniel Otto (KAZE) Ryo Yukizane (VAP Inc.) Ryohei [&hellip;]<\/p>\n","protected":false},"author":5,"featured_media":0,"parent":0,"menu_order":5,"comment_status":"open","ping_status":"open","template":"links.php","meta":[],"_links":{"self":[{"href":"https:\/\/archiv.jffh.de\/en\/wp-json\/wp\/v2\/pages\/34"}],"collection":[{"href":"https:\/\/archiv.jffh.de\/en\/wp-json\/wp\/v2\/pages"}],"about":[{"href":"https:\/\/archiv.jffh.de\/en\/wp-json\/wp\/v2\/types\/page"}],"author":[{"embeddable":true,"href":"https:\/\/archiv.jffh.de\/en\/wp-json\/wp\/v2\/users\/5"}],"replies":[{"embeddable":true,"href":"https:\/\/archiv.jffh.de\/en\/wp-json\/wp\/v2\/comments?post=34"}],"version-history":[{"count":105,"href":"https:\/\/archiv.jffh.de\/en\/wp-json\/wp\/v2\/pages\/34\/revisions"}],"predecessor-version":[{"id":12163,"href":"https:\/\/archiv.jffh.de\/en\/wp-json\/wp\/v2\/pages\/34\/revisions\/12163"}],"wp:attachment":[{"href":"https:\/\/archiv.jffh.de\/en\/wp-json\/wp\/v2\/media?parent=34"}],"curies":[{"name":"wp","href":"https:\/\/api.w.org\/{rel}","templated":true}]}}