{"id":3415,"date":"2010-05-05T18:00:54","date_gmt":"2010-05-05T16:00:54","guid":{"rendered":"http:\/\/www.jffh.de\/locations\/"},"modified":"2018-02-21T17:51:35","modified_gmt":"2018-02-21T16:51:35","slug":"locations","status":"publish","type":"page","link":"https:\/\/archiv.jffh.de\/en\/locations\/","title":{"rendered":"Locations"},"content":{"rendered":"<p><\/p>\n<table width=\"100%\" border=\"0\" frame=\"box\" rules=\"none\">\n<tbody>\n<tr>\n<th width=\"200px\"><img decoding=\"async\" src=\"https:\/\/jffh.de\/wp-content\/uploads\/archive\/kino_3001_icon.png\" alt=\"3001\" title=\"3001\"\/>&nbsp;&nbsp;<strong>3001<\/strong><\/th>\n<th width=\"200px\"><strong><img decoding=\"async\" src=\"https:\/\/jffh.de\/wp-content\/uploads\/archive\/kino_Metropolis_icon.png\" alt=\"Metropolis\" title=\"Metropolis\"\/>&nbsp;&nbsp;Metropolis<\/strong><\/th>\n<th width=\"200px\"><strong><img decoding=\"async\" src=\"https:\/\/jffh.de\/wp-content\/uploads\/archive\/kino_Studio-Kino_icon.png\" alt=\"Studio-Kino\" title=\"Studio-Kino\"\/>&nbsp;&nbsp;Studio-Kino<\/strong><\/th>\n<\/tr>\n<tr>\n<td>Schanzenstra\u00dfe 75<br \/>\n20357 Hamburg<br \/>\n<a href=\"http:\/\/www.3001-kino.de\">Website<\/a><br \/>\n<a href=\"&#x6d;&#x61;&#x69;&#108;&#116;o:&#x69;&#x6e;&#x66;&#111;&#64;30&#x30;&#x31;&#x2d;&#107;&#105;no&#x2e;&#x64;&#x65;\">E-mail<\/a><br \/>\n(040) 43 76 79<br \/>\n&nbsp;<\/td>\n<td>Kleine Theaterstra\u00dfe 10<br \/>\n20354 Hamburg<br \/>\n<a href=\"http:\/\/www.metropolis-hamburg.de\">Website<\/a><br \/>\n<a href=\"&#x6d;&#x61;&#x69;&#108;&#116;o:&#x69;&#x6e;&#x66;&#111;&#64;ki&#x6e;&#x65;&#x6d;&#97;&#116;he&#x6b;&#x2d;&#x68;&#97;&#109;bu&#x72;&#x67;&#x2e;&#100;&#101;\">E-mail<\/a><br \/>\n(040) 34 23 53<br \/>\n&nbsp;<\/td>\n<td>Bernstorffstra\u00dfe 93<br \/>\n22767 Hamburg<br \/>\n<a href=\"http:\/\/www.studio-kino.de\">Website<\/a><br \/>\n<a href=\"&#x6d;a&#x69;&#108;&#x74;&#x6f;:&#x69;&#110;&#x66;&#x6f;&#64;&#x73;&#116;&#x75;&#x64;i&#x6f;&#45;&#x6b;&#x69;n&#x6f;&#46;&#x64;&#x65;\">E-mail<\/a><br \/>\n(040) 55775347<br \/>\n&nbsp;<\/td>\n<\/tr>\n<tr>\n<td><a href=\"http:\/\/geofox.hvv.de\/jsf\/home.seam?destName=Schanzenstra\u00dfe+75&amp;destRegion=Hamburg&amp;destType=1\" target=\"_blank\"><img decoding=\"async\" src=\"https:\/\/www.hvv.de\/bilder\/content\/fahrplanauskunft\/fahrplan_klein.gif\" alt=\"Mit dem HVV zu uns\" border=\"0\" \/><\/a><\/td>\n<td><a href=\"http:\/\/geofox.hvv.de\/jsf\/home.seam?destName=Kleine+Theaterstra\u00dfe+10&amp;destRegion=Hamburg&amp;destType=1\" target=\"_blank\"><img decoding=\"async\" src=\"https:\/\/www.hvv.de\/bilder\/content\/fahrplanauskunft\/fahrplan_klein.gif\" alt=\"Mit dem HVV zu uns\" border=\"0\" \/><\/a><\/td>\n<td><a href=\"http:\/\/geofox.hvv.de\/jsf\/home.seam?destName=Bernstorffstra\u00dfe+93&amp;destRegion=Hamburg&amp;destType=1\" target=\"_blank\"><img decoding=\"async\" src=\"https:\/\/www.hvv.de\/bilder\/content\/fahrplanauskunft\/fahrplan_klein.gif\" alt=\"Mit dem HVV zu uns\" border=\"0\" \/><\/a><\/td>\n<\/tr>\n<tr>\n<td><a href=\"https:\/\/www.google.com\/maps\/place\/Hamburg+Schanzenstra\u00dfe+75\/\">Google Maps<\/a><\/td>\n<td><a href=\"https:\/\/www.google.com\/maps\/place\/Hamburg+Kleine+Theaterstra\u00dfe+10\/\">Google Maps<\/a><\/td>\n<td><a href=\"https:\/\/www.google.com\/maps\/place\/Hamburg+Bernstorffstra\u00dfe+93\/\">Google Maps<\/a><\/td>\n<\/tr>\n<\/tbody>\n<\/table>\n<p><iframe loading=\"lazy\" src=\"https:\/\/mapsengine.google.com\/map\/embed?mid=zi_JfrGKvybc.k1ZAlxYCPns0\" width=\"600\" height=\"450\"><\/iframe><br \/>\n<small><a style=\"color: #0000ff; text-align: left;\" href=\"https:\/\/mapsengine.google.com\/map\/edit?mid=zi_JfrGKvybc.k1ZAlxYCPns0\" target=\"_blank\">Show the JFFH cinemas<\/a> on a bigger map<\/small><\/p>\n<div class=\"twoclick_social_bookmarks_post_3415 social_share_privacy clearfix 1.6.4 locale-en_US sprite-de_DE\"><\/div><div class=\"twoclick-js\"><script type=\"text\/javascript\">\/* <![CDATA[ *\/\njQuery(document).ready(function($){if($('.twoclick_social_bookmarks_post_3415')){$('.twoclick_social_bookmarks_post_3415').socialSharePrivacy({\"services\":{\"facebook\":{\"status\":\"on\",\"txt_info\":\"2 Klicks f\\u00fcr mehr Datenschutz: Erst wenn Sie hier klicken, wird der Button aktiv und Sie k\\u00f6nnen Ihre Empfehlung an Facebook senden. Schon beim Aktivieren werden Daten an Dritte \\u00fcbertragen - siehe <em>i<\\\/em>.\",\"perma_option\":\"off\",\"action\":\"like\",\"language\":\"de_DE\"},\"twitter\":{\"reply_to\":\"\",\"tweet_text\":\"Locations%20%C2%BB%20%28Deutsch%29%20Japan-Filmfest%20Hamburg\",\"status\":\"on\",\"txt_info\":\"2 Klicks f\\u00fcr mehr Datenschutz: Erst wenn Sie hier klicken, wird der Button aktiv und Sie k\\u00f6nnen Ihre Empfehlung an Twitter senden. Schon beim Aktivieren werden Daten an Dritte \\u00fcbertragen - siehe <em>i<\\\/em>.\",\"perma_option\":\"off\",\"language\":\"de\",\"referrer_track\":\"\"}},\"txt_help\":\"Wenn Sie diese Felder durch einen Klick aktivieren, werden Informationen an Facebook, Twitter, Flattr, Xing, t3n, LinkedIn, Pinterest oder Google eventuell ins Ausland \\u00fcbertragen und unter Umst\\u00e4nden auch dort gespeichert. N\\u00e4heres erfahren Sie durch einen Klick auf das <em>i<\\\/em>.\",\"settings_perma\":\"Dauerhaft aktivieren und Daten\\u00fcber-tragung zustimmen:\",\"info_link\":\"http:\\\/\\\/www.heise.de\\\/ct\\\/artikel\\\/2-Klicks-fuer-mehr-Datenschutz-1333879.html\",\"uri\":\"https:\\\/\\\/archiv.jffh.de\\\/en\\\/locations\\\/\",\"post_id\":3415,\"post_title_referrer_track\":\"Locations\",\"display_infobox\":\"on\"});}});\n\/* ]]> *\/<\/script><\/div>","protected":false},"excerpt":{"rendered":"<p>&nbsp;&nbsp;3001 &nbsp;&nbsp;Metropolis &nbsp;&nbsp;Studio-Kino Schanzenstra\u00dfe 75 20357 Hamburg Website E-mail (040) 43 76 79 &nbsp; Kleine Theaterstra\u00dfe 10 20354 Hamburg Website E-mail (040) 34 23 53 &nbsp; Bernstorffstra\u00dfe 93 22767 Hamburg Website E-mail (040) 55775347 &nbsp; Google Maps Google Maps Google Maps Show the JFFH cinemas on a bigger map<\/p>\n","protected":false},"author":5,"featured_media":0,"parent":0,"menu_order":3,"comment_status":"closed","ping_status":"open","template":"","meta":[],"_links":{"self":[{"href":"https:\/\/archiv.jffh.de\/en\/wp-json\/wp\/v2\/pages\/3415"}],"collection":[{"href":"https:\/\/archiv.jffh.de\/en\/wp-json\/wp\/v2\/pages"}],"about":[{"href":"https:\/\/archiv.jffh.de\/en\/wp-json\/wp\/v2\/types\/page"}],"author":[{"embeddable":true,"href":"https:\/\/archiv.jffh.de\/en\/wp-json\/wp\/v2\/users\/5"}],"replies":[{"embeddable":true,"href":"https:\/\/archiv.jffh.de\/en\/wp-json\/wp\/v2\/comments?post=3415"}],"version-history":[{"count":60,"href":"https:\/\/archiv.jffh.de\/en\/wp-json\/wp\/v2\/pages\/3415\/revisions"}],"predecessor-version":[{"id":12149,"href":"https:\/\/archiv.jffh.de\/en\/wp-json\/wp\/v2\/pages\/3415\/revisions\/12149"}],"wp:attachment":[{"href":"https:\/\/archiv.jffh.de\/en\/wp-json\/wp\/v2\/media?parent=3415"}],"curies":[{"name":"wp","href":"https:\/\/api.w.org\/{rel}","templated":true}]}}